{"id":94,"date":"2025-11-26T15:52:34","date_gmt":"2025-11-26T14:52:34","guid":{"rendered":"https:\/\/serwer385197.lh.pl\/autoinstalator\/serwer385197.lh.pl\/wordpress137509\/?page_id=94"},"modified":"2025-11-27T13:41:40","modified_gmt":"2025-11-27T12:41:40","slug":"qa","status":"publish","type":"page","link":"https:\/\/shantaram.pl\/?page_id=94","title":{"rendered":"Q&#038;A"},"content":{"rendered":"\n<p><\/p>\n\n\n\n<p>Odpowiedzi na najcz\u0119\u015bciej zadawane pytania<\/p>\n\n\n\n<p><strong>Gdzie b\u0119dziemy spa\u0107?<\/strong><\/p>\n\n\n\n<p>Zapewniamy miejsca na polu namiotowym i kamperowym bez dost\u0119pu do pr\u0105du. Nieopodal znajdziecie r\u00f3wnie\u017c lokalne pensjonaty i hotele (je\u015bli potrzebujesz ciep\u0142ego \u0142\u00f3\u017ceczka:)). W szczeg\u00f3lnych wypadkach zapewniamy dost\u0119p do pr\u0105du w cenie 30z\u0142 doba. Nale\u017cy jednak mie\u0107 ze sob\u0105 porz\u0105dny przed\u0142u\u017cacz.<\/p>\n\n\n\n<p>Na polu namiotowym gwarantujemy dost\u0119p do toalet i prysznic\u00f3w.<\/p>\n\n\n\n<p>Gdzie to jest ten Stefan\u00f3w?<\/p>\n\n\n\n<p>Festiwal odbywa si\u0119 100 km od Warszawy, w Stefanowie, w \u0141\u00f3dzkiem. 35 km od Tomaszowa Mazowieckiego. Przy szukaniu koniecznie pos\u0142ugujcie si\u0119 kodem pocztowym (26-315).<\/p>\n\n\n\n<p>Dane do GPS Po\u015bwi\u0119tne 26-315 Stefan\u00f3w 62<\/p>\n\n\n\n<p><strong>Jak tam dojecha\u0107?<\/strong><\/p>\n\n\n\n<ul class=\"wp-block-list\">\n<li>Samochodem: Wystarczy wpisa\u0107 &#8222;Stefan\u00f3w 62, 26-315 Po\u015bwi\u0119tne&#8221; w Google Maps.<\/li>\n\n\n\n<li>Komunikacj\u0105: Najbli\u017csze stacje kolejowe to Tomasz\u00f3w Mazowiecki i Opoczno.<\/li>\n\n\n\n<li>Do nieodleg\u0142ego miasta Odrzyw\u00f3\u0142 kursuj\u0105 busy i PKS.<\/li>\n\n\n\n<li>Zach\u0119camy do organizowania wsp\u00f3lnych przejazd\u00f3w na grupie Shantaram 2026. Dost\u0119p do grupy otrzymasz po zakupieniu biletu.<\/li>\n<\/ul>\n\n\n\n<p><strong>Czy mog\u0119 przyjecha\u0107 z dzie\u0107mi?<\/strong><\/p>\n\n\n\n<p>Oczywi\u015bcie! Zw\u0142aszcza, \u017ce dzieci p\u0142ac\u0105 symbolicznie \ud83d\ude09 Festiwal jest przyjazny rodzinom i oferujemy par\u0119 stref dla dzieci, warsztaty, spektakle i animator\u00f3w, kt\u00f3rzy was troch\u0119 odci\u0105\u017c\u0105, aby\u015bcie mogli zaj\u0105\u0107 si\u0119 sob\u0105.<\/p>\n\n\n\n<p><strong>Czy mog\u0119 przyjecha\u0107 ze zwierz\u0119tami?<\/strong><\/p>\n\n\n\n<p>Tak, zwierz\u0119ta s\u0105 mile widziane, ale pami\u0119taj o ich komforcie i bezpiecze\u0144stwie. Pami\u0119taj, \u017ce nie wszystkie pieski dobrze znosz\u0105 festiwale i bierzesz pe\u0142n\u0105 odpowiedzialno\u015b\u0107 za wyczyny swojego pupila.<\/p>\n\n\n\n<p><strong>Czy na miejscu mog\u0119 p\u0142aci\u0107 kart\u0105?<\/strong><\/p>\n\n\n\n<p>W Stefanowie jest bardzo s\u0142aby zasi\u0119g, nie zawsze terminale dzia\u0142aj\u0105. Za wiele rzeczy na miejscu zap\u0142acisz tylko got\u00f3wk\u0105. Do bankomatu jest 3km.<\/p>\n\n\n\n<p><strong>Czy w pobli\u017cu jest sklep?<\/strong><\/p>\n\n\n\n<p>Tak, 5 minut samochodem, 40 minut piechot\u0105 i 10 minut rowerem od festiwalu znajduj\u0105 si\u0119 najbli\u017csze delikatesy. Kupisz tam nawet gum\u0119 Turbo. Skorzystaj z mapy w swoim telefonie.<\/p>\n\n\n\n<p><strong>Co b\u0119d\u0119 je\u015b\u0107 i jakie s\u0105 ceny jedzenia w wiosce.<\/strong><\/p>\n\n\n\n<p>Oferujemy dwa r\u00f3\u017cne cateringi z dobrym r\u00f3\u017cnorodnym jedzeniem w cenie 30-50 z\u0142 za obiad. Mo\u017cesz te\u017c co\u015b upichci\u0107 sam. B\u0119dziesz mia\u0142 do dyspozycji zaplecze kuchenne. Nie nastawia\u0142bym si\u0119 jednak na jakie\u015b wielkie gotowania na miejscu. Chyba, \u017ce biwakowo na kuchence turystycznej ;0<\/p>\n\n\n\n<p><strong>Czy zakupiony bilet musz\u0119 wykorzysta\u0107 w jaki\u015b okre\u015blony dzie\u0144?<\/strong><\/p>\n\n\n\n<p>Nie. Je\u015bli zakupisz pakiet N\u00f3w np. na 3 dni i 2 noclegi, to mo\u017cesz wybra\u0107 sobie dowolne nast\u0119puj\u0105ce po sobie 3 dni mi\u0119dzy \u015brod\u0105 a niedziel\u0105. Przy zakupie wej\u015bci\u00f3wek\/bilet\u00f3w decyduj\u0105ce jest ile nocy pozostajesz..<\/p>\n\n\n\n<p><strong>A co je\u015bli nic nie wiem o szamanizmie, albo jestem wyznawc\u0105 jakiej\u015b religii, kt\u00f3ra twierdzi, \u017ce to co\u015b z\u0142ego?<\/strong><\/p>\n\n\n\n<p>Festiwal jest absolutnie neutralny \u015bwiatopogl\u0105dowo.<\/p>\n\n\n\n<p>Owszem korzystamy z narz\u0119dzi transformacyjnych wypracowanych przez szamanizm (kr\u0105g, ceremonia, szama\u0144ska podr\u00f3\u017c), nikogo jednak do niczego nie przekonujemy, nie dyskutujemy, nie walczymy, nie mamy wrog\u00f3w. Dla Nas inny &#8211; nie jest obcym. Spotykamy si\u0119 w duchu wolno\u015bci, szacunku i jasno\u015bci intencji. Nic nie musisz wiedzie\u0107 o szamanizmie, on i tak jest w Tobie, jako podstawowe, najbardziej fundamentalne prawa \u017cycia, zwane Duchowo\u015bci\u0105 Naturaln\u0105. Do\u015bwiadczenie szama\u0144skie mo\u017ce pog\u0142\u0119bi\u0107, przywr\u00f3ci\u0107 blask i da\u0107 g\u0142\u0119bsze zrozumienie ka\u017cdej praktyce religijnej.<\/p>\n\n\n\n<p><strong>Masz inne pytania pisz: inspiracjaoddech@shantaram.pl<\/strong><\/p>\n","protected":false},"excerpt":{"rendered":"<p>Odpowiedzi na najcz\u0119\u015bciej zadawane pytania Gdzie b\u0119dziemy spa\u0107? Zapewniamy miejsca na polu namiotowym i kamperowym bez dost\u0119pu do pr\u0105du. Nieopodal znajdziecie r\u00f3wnie\u017c lokalne pensjonaty i hotele (je\u015bli potrzebujesz ciep\u0142ego \u0142\u00f3\u017ceczka:)). W szczeg\u00f3lnych wypadkach zapewniamy dost\u0119p do pr\u0105du w cenie 30z\u0142 doba. Nale\u017cy jednak mie\u0107 ze sob\u0105 porz\u0105dny przed\u0142u\u017cacz. Na polu namiotowym gwarantujemy dost\u0119p do toalet [&hellip;]<\/p>\n","protected":false},"author":1,"featured_media":0,"parent":0,"menu_order":6,"comment_status":"closed","ping_status":"closed","template":"","meta":{"footnotes":""},"class_list":["post-94","page","type-page","status-publish","hentry"],"_links":{"self":[{"href":"https:\/\/shantaram.pl\/index.php?rest_route=\/wp\/v2\/pages\/94","targetHints":{"allow":["GET"]}}],"collection":[{"href":"https:\/\/shantaram.pl\/index.php?rest_route=\/wp\/v2\/pages"}],"about":[{"href":"https:\/\/shantaram.pl\/index.php?rest_route=\/wp\/v2\/types\/page"}],"author":[{"embeddable":true,"href":"https:\/\/shantaram.pl\/index.php?rest_route=\/wp\/v2\/users\/1"}],"replies":[{"embeddable":true,"href":"https:\/\/shantaram.pl\/index.php?rest_route=%2Fwp%2Fv2%2Fcomments&post=94"}],"version-history":[{"count":3,"href":"https:\/\/shantaram.pl\/index.php?rest_route=\/wp\/v2\/pages\/94\/revisions"}],"predecessor-version":[{"id":118,"href":"https:\/\/shantaram.pl\/index.php?rest_route=\/wp\/v2\/pages\/94\/revisions\/118"}],"wp:attachment":[{"href":"https:\/\/shantaram.pl\/index.php?rest_route=%2Fwp%2Fv2%2Fmedia&parent=94"}],"curies":[{"name":"wp","href":"https:\/\/api.w.org\/{rel}","templated":true}]}}