{"id":80,"date":"2025-11-23T19:17:23","date_gmt":"2025-11-23T18:17:23","guid":{"rendered":"https:\/\/serwer385197.lh.pl\/autoinstalator\/serwer385197.lh.pl\/wordpress137509\/?page_id=80"},"modified":"2025-11-27T12:58:43","modified_gmt":"2025-11-27T11:58:43","slug":"shantaram","status":"publish","type":"page","link":"https:\/\/shantaram.pl\/?page_id=80","title":{"rendered":"O SHANTARAM"},"content":{"rendered":"\n<p><br>Wioska Do\u015bwiadczania i Kreacji SHANTARAM<\/p>\n\n\n\n<p>Shantaram to niewielki rodzinno\/plemienny Gathering. Nie wiem nawet, czy s\u0142owo festiwal jest tutaj adekwatne? To spotkanie w duchu mi\u0142o\u015bci, \u017cyczliwo\u015bci, kreatywno\u015bci, ch\u0119ci do\u015bwiadczania \u017cycia i siebie nawzajem.<\/p>\n\n\n\n<p>Shantaram to spotkanie rodzinne, gdzie przyjecha\u0107 mo\u017cemy z dzie\u0107mi, a wspaniali animatorzy spod znaku &#8222;Teatru Skrzat&#8221;, zajm\u0105 si\u0119 nimi przez par\u0119 godzin dziennie, tak by\u015b mog\u0142a\/m\u00f3g\u0142 odpocz\u0105\u0107 i nacieszy\u0107 si\u0119 pi\u0119knem tego miejsca. Nasze spotkanie odbywa si\u0119 w magicznym miejscu w\u015br\u00f3d pami\u0119taj\u0105cych dawne czasy las\u00f3w, na cudnej polanie, otoczonej zdzicza\u0142ymi stawami.<\/p>\n\n\n\n<p>Zaprosili\u015bmy w tym roku wyj\u0105tkowych artyst\u00f3w, kt\u00f3rzy codziennie od godziny 18:00 zabiera\u0107 nas b\u0119d\u0105 w muzyczne podr\u00f3\u017ce, kt\u00f3rych pr\u00f3\u017cno szuka\u0107 na innych festiwalach. Jazz, rock, poezja, folk, etno, troch\u0119 najwy\u017cszej pr\u00f3by elektroniki i hip-hop. Nawet najwybredniejsi koneserzy muzyki b\u0119d\u0105 zachwyceni.<\/p>\n\n\n\n<p>Nasi mentorzy i prelegenci dobrani s\u0105 tak, aby\u015b jak najwi\u0119cej z tych pi\u0119ciu dni skorzysta\u0142. Wyjecha\u0142 \u015bwie\u017cy, zregenerowany, nasycona\/ny nowymi ideami i pomys\u0142ami na \u017cycie. Nocne ceremonie i spotkania zaprowadz\u0105 ci\u0119 w stron\u0119 g\u0142\u0119bokiego do\u015bwiadczania siebie i nakieruj\u0105 na sposoby naprawy najg\u0142\u0119bszych zranie\u0144 wnosz\u0105c o\u017cywczy powiew w Twoj\u0105 codzienno\u015b\u0107. Spotkanie Nasze jest otwarte \u015bwiatopogl\u0105dowo. Nie gromadzimy si\u0119 wok\u00f3\u0142 jakiej\u015b jednej idei czy ideologii. Dzielimy si\u0119 sob\u0105 i swoimi talentami. Nasz\u0105 misj\u0105 jest tworzenie wi\u0119zi, sieciowanie i budowanie wsp\u00f3lnoty ludzi pi\u0119knych przez swoj\u0105 r\u00f3\u017cnorodno\u015b\u0107.<\/p>\n\n\n\n<p>Shantaram to miejsce otwarte i \u017cyczliwe wobec wszystkich, kt\u00f3rzy chc\u0105 &#8222;troch\u0119 lepiej i m\u0105drzej \u017cy\u0107&#8221;.<\/p>\n\n\n\n<p>Festiwal to przestrze\u0144 bez alkoholu, telefon\u00f3w i ha\u0142asu \u015bwiata. To czas kt\u00f3ry sp\u0119dzisz z natur\u0105, sob\u0105 i lud\u017ami. Wychodz\u0105c na spotkanie przygodzie.<\/p>\n\n\n\n<p>Pi\u0119\u0107 lipcowych dni, na kt\u00f3re chcemy Ciebie zaprosi\u0107, to nie tylko zabawa i wypoczynek. To wielka podr\u00f3\u017c w stron\u0119 odkrywania samego siebie. Przez te dni podr\u00f3\u017cowa\u0107 b\u0119dziemy po &#8222;szama\u0144skim kole medycyny&#8221;. Archaicznej strukturze, kt\u00f3ra jest czym\u015b w rodzaju &#8222;mapy naszego rozwoju&#8221;. Zajmowa\u0107 si\u0119 wi\u0119c b\u0119dziemy uzdrawianiem naszego cia\u0142a, umys\u0142u, emocji, duszy i ducha, zgodnie z tradycjami licz\u0105cymi sobie wiele tysi\u0119cy lat.<\/p>\n\n\n\n<p>Wierzymy, \u017ce t\u0119 par\u0119 dni sp\u0119dzonych w Shantaram, b\u0119d\u0105 nie tylko przygod\u0105, ale te\u017c czasem zatrzymania si\u0119, refleksji i g\u0142\u0119bokiej przemiany.<\/p>\n\n\n\n<p>Aho\/<\/p>\n\n\n\n<p>W tym roku spotykamy si\u0119 na pi\u0119\u0107 dni. Jakie one b\u0119d\u0105? To zale\u017cy od Ciebie, bo to \u015bwi\u0119to KREACJI. A mo\u017ce stworzymy razem PI\u0118\u0106 NAJBARDZIEJ ODLOTOWYCH DNI jakie przysz\u0142o Nam do tej pory prze\u017cy\u0107? Dlaczego by nie.<\/p>\n\n\n\n<p><br>My ze swojej strony zapewniamy \u015bwietn\u0105 przestrze\u0144 i mn\u00f3stwo kulturalno-duchowych smako\u0142yk\u00f3w, ale to TY jeste\u015b w tej wiosce najwa\u017cniejszy, bo by\u0107 mo\u017ce wniesiesz co\u015b na co wszyscy czekaj\u0105. WSZYSTKIE NAJBARDZIEJ ODPA\u0141OWE I KREATYWNE POMYS\u0141Y NA ZAISTNIENIE W SHANTARAM BAAAARDZO MILE WIDZIANE.<\/p>\n\n\n\n<p>Widzisz siebie w Shantaram jako kreator, czy ten kt\u00f3ry chce si\u0119 skupi\u0107 na do\u015bwiadczaniu? A mo\u017ce jedno i drugie? Na miejscu czekaj\u0105 na Nas niezwyk\u0142e warsztaty, spotkania, kr\u0119gi, koncerty, moc inspiracji i g\u0142\u0119bokie do\u015bwiadczenie wsp\u00f3lnoty. WSP\u00d3LNEGO TWORZENIA &gt; WSP\u00d3LNEJ MEDYTACJI &gt; \u015aPIEWU &gt; TA\u0143CA &gt; CISZY<\/p>\n\n\n\n<p>Przez te pi\u0119\u0107 dni podr\u00f3\u017cowa\u0107 b\u0119dziemy wsp\u00f3lnie po &#8222;szama\u0144skim kole medycyny&#8221;, staro\u017cytnej &#8222;mapie duszy&#8221; i szuka\u0107 uzdrowienia na ka\u017cdym z czterech poziom\u00f3w: fizycznym, emocjonalno-mentalnym, duchowym i kolektywnym (czyli uzdrowienia relacji). TEGO NIE ZROBIMY SAMI, BO CZ\u0141OWIEK JEST STADNYM ZWIERZ\u0104TKIEM. BUDUJEMY POLE MI\u0141O\u015aCI &lt; AKCEPTACJI &lt; DO\u015aWIADCZANIA &lt; KREACJI. Przestrze\u0144 WOLNO\u015aCI I SZACUNKU.<\/p>\n\n\n\n<p><strong>B\u0119dziemy przypomina\u0107 sobie pradawne kody \u017cycia, uczy\u0107 si\u0119 o zio\u0142ach, zaprzyja\u017ania\u0107 z oddechem, rozci\u0105ga\u0107 nasze cia\u0142a, uczy\u0107 si\u0119 pracowa\u0107 z emocjami, oddawa\u0107 Matce Ziemi nasze traumy i zranienia i budowa\u0107 lepszych, m\u0105drzejszych, wra\u017cliwszych siebie, \u015bni\u0105c lepszy \u015bwiat.<\/strong><\/p>\n\n\n\n<p>Shantaram to miejsce otwarte \u015bwiatopogl\u0105dowo, ale g\u0142\u00f3wnym obszarem naszych poszukiwa\u0144, s\u0105 metody pracy wywodz\u0105ce si\u0119 z tradycji szama\u0144skiej, maj\u0105ce zwi\u0105zek z pierwotn\u0105, najbardziej wewn\u0119trzn\u0105 i organiczn\u0105 duchowo\u015bci\u0105, \u015bci\u015ble wi\u0105\u017c\u0105c\u0105 cz\u0142owieka z \u015brodowiskiem i przestrzeni\u0105 w kt\u00f3rej si\u0119 zdarza.<\/p>\n\n\n\n<p>Shantaram to miejsce gdzie wymieniamy si\u0119 inspiracjami, pomys\u0142ami i wiedz\u0105, dzi\u0119ki kt\u00f3rej coraz g\u0142\u0119biej rozpozna\u0107 mo\u017cemy \u201ckim jeste\u015bmy\u201d i coraz skuteczniej pod\u0105\u017ca\u0107 za &#8222;\u015bwiat\u0142em&#8221;, tworz\u0105c duszy warunki do tego, aby mog\u0142a si\u0119 rozwija\u0107. Do\u015bwiadcza\u0107 i kreowa\u0107.<\/p>\n\n\n\n<p><\/p>\n","protected":false},"excerpt":{"rendered":"<p>Wioska Do\u015bwiadczania i Kreacji SHANTARAM Shantaram to niewielki rodzinno\/plemienny Gathering. Nie wiem nawet, czy s\u0142owo festiwal jest tutaj adekwatne? To spotkanie w duchu mi\u0142o\u015bci, \u017cyczliwo\u015bci, kreatywno\u015bci, ch\u0119ci do\u015bwiadczania \u017cycia i siebie nawzajem. Shantaram to spotkanie rodzinne, gdzie przyjecha\u0107 mo\u017cemy z dzie\u0107mi, a wspaniali animatorzy spod znaku &#8222;Teatru Skrzat&#8221;, zajm\u0105 si\u0119 nimi przez par\u0119 godzin dziennie, [&hellip;]<\/p>\n","protected":false},"author":1,"featured_media":0,"parent":0,"menu_order":2,"comment_status":"closed","ping_status":"closed","template":"","meta":{"footnotes":""},"class_list":["post-80","page","type-page","status-publish","hentry"],"_links":{"self":[{"href":"https:\/\/shantaram.pl\/index.php?rest_route=\/wp\/v2\/pages\/80","targetHints":{"allow":["GET"]}}],"collection":[{"href":"https:\/\/shantaram.pl\/index.php?rest_route=\/wp\/v2\/pages"}],"about":[{"href":"https:\/\/shantaram.pl\/index.php?rest_route=\/wp\/v2\/types\/page"}],"author":[{"embeddable":true,"href":"https:\/\/shantaram.pl\/index.php?rest_route=\/wp\/v2\/users\/1"}],"replies":[{"embeddable":true,"href":"https:\/\/shantaram.pl\/index.php?rest_route=%2Fwp%2Fv2%2Fcomments&post=80"}],"version-history":[{"count":6,"href":"https:\/\/shantaram.pl\/index.php?rest_route=\/wp\/v2\/pages\/80\/revisions"}],"predecessor-version":[{"id":109,"href":"https:\/\/shantaram.pl\/index.php?rest_route=\/wp\/v2\/pages\/80\/revisions\/109"}],"wp:attachment":[{"href":"https:\/\/shantaram.pl\/index.php?rest_route=%2Fwp%2Fv2%2Fmedia&parent=80"}],"curies":[{"name":"wp","href":"https:\/\/api.w.org\/{rel}","templated":true}]}}