{"id":74,"date":"2025-11-23T18:47:26","date_gmt":"2025-11-23T17:47:26","guid":{"rendered":"https:\/\/serwer385197.lh.pl\/autoinstalator\/serwer385197.lh.pl\/wordpress137509\/?page_id=74"},"modified":"2026-02-08T16:10:48","modified_gmt":"2026-02-08T15:10:48","slug":"zasadygry","status":"publish","type":"page","link":"https:\/\/shantaram.pl\/?page_id=74","title":{"rendered":"Zasady GRY"},"content":{"rendered":"\n<p><\/p>\n\n\n\n<p>\u017bycie w Wiosce ma sw\u00f3j rytm, a tak\u017ce swoje zasady<\/p>\n\n\n\n<h1 class=\"wp-block-heading\">JAK WSP\u00d3\u0141TWORZY\u0106 WIOSK\u0118?<\/h1>\n\n\n\n<p>Najlepiej pomy\u015ble\u0107 o Shantaram, jak o GRZE do kt\u00f3rej jeste\u015b zaproszony. Staro\u017cytni m\u00f3wili na tak\u0105 gr\u0119 Lila. Gra w &#8222;\u017cycie&#8221;.\u00a0 Miejsce, gdzie mo\u017cemy poprzygl\u0105da\u0107 si\u0119 sobie, sposobowi w jaki tworzymy relacje. Przestrze\u0144 w kt\u00f3rej wszystko odbywa si\u0119 w troch\u0119 &#8222;wi\u0119kszym zag\u0119szczeniu&#8221;. W my\u015bl tego w co wierzymy, podstawow\u0105 organizacj\u0105 \u015bwiata jest POLE. Pole, wsp\u00f3lnota, kr\u0105g czy plemi\u0119 jest unikaln\u0105 &#8222;ucz\u0105c\u0105 Nas&#8221; struktur\u0105. To jak \u0142\u0105ka, las, ocean, Gaja. Samonastawny i samolecz\u0105cy si\u0119 mechanizm.<\/p>\n\n\n\n<p>W grze obowi\u0105zuj\u0105 pewne regu\u0142y i zasady, zawsze te\u017c jest jest co\u015b do wygrania. T\u0119 gr\u0119 mo\u017cna jednak przej\u015b\u0107 r\u00f3\u017cnymi drogami. Sam mo\u017cesz wsp\u00f3\u0142decydowa\u0107 jak chcesz si\u0119 rozwija\u0107, co bada\u0107, z czym si\u0119 mierzy\u0107. Czy bardziej wypoczywa\u0107, czy wi\u0119cej pracowa\u0107. Czy kreowa\u0107, czy do\u015bwiadcza\u0107. My tworzymy przestrze\u0144 do gry, a ty pr\u00f3bujesz przej\u015b\u0107 przez wszystkie jej etapy samemu tworz\u0105c sw\u00f3j zestaw. Zbieraj\u0105c punkty do\u015bwiadczenia, buduj\u0105c relacje, zawi\u0105zuj\u0105c sojusze, odkrywaj\u0105c siebie.<\/p>\n\n\n\n<h2 class=\"wp-block-heading\">METANOIA<\/h2>\n\n\n\n<p>Czas Shantaram to czas naszej METANOI czyli przemiany. Wychodzimy odrobin\u0119 ze strefy komfortu, dzi\u0119ki czemu rzeczy proste zn\u00f3w staj\u0105 si\u0119 dla nas \u015bwie\u017ce i odkrywcze.<\/p>\n\n\n\n<p>Shantaram to przestrze\u0144 wolna od alkoholu, narkotyk\u00f3w i marihuany. Enteogen\u00f3w u\u017cywamy tylko ceremonialnie\/terapeutycznie w \u015bci\u015ble wyznaczonych do tego miejscach, w godzinach nocnych.<\/p>\n\n\n\n<h2 class=\"wp-block-heading\">Cykl DZIE\u0143 \/ NOC<\/h2>\n\n\n\n<p>W dzie\u0144 kr\u00f3luje nam S\u0141O\u0143CE. Trze\u017awo\u015b\u0107, jasno\u015b\u0107 i \u015bwiadomo\u015b\u0107. Tworzymy przestrze\u0144 w kt\u00f3rej uczymy si\u0119 szacunku, odpowiedzialno\u015bci i wra\u017cliwo\u015bci na siebie. Uczymy si\u0119 by\u0107 &#8222;plemieniem&#8221;. Jeste\u015bmy wsp\u00f3\u0142odpowiedzialni za przestrze\u0144, porz\u0105dek, traktowanie miejsca i przyrody wok\u00f3\u0142 z mi\u0142o\u015bci\u0105.<\/p>\n\n\n\n<p>Noc\u0105 delikatnie badamy w\u0142asn\u0105 ciemno\u015b\u0107. Ws\u0142uchujemy si\u0119 w szepty Gai, leczymy si\u0119 i naprawiamy w kr\u0119gach, podczas muzycznych podr\u00f3\u017cy czy na ceremoniach.&nbsp;<\/p>\n\n\n\n<p>Najwi\u0119kszym prezentem, kt\u00f3ry chcemy Wam podarowa\u0107 jest pe\u0142na wolno\u015b\u0107 w traktowaniu wszystkiego co mamy Wam do zaoferowania. Mo\u017cesz uczestniczy\u0107 we wszystkich aktywno\u015bciach zgodnie ze swoim wyborem. Fajnie jednak, aby\u015bmy przynajmniej raz dziennie, o 9:00 spotkali si\u0119 wsp\u00f3lnie w kr\u0119gu, aby przywita\u0107 i po\u017cegna\u0107 kolejny dzie\u0144.&nbsp;<\/p>\n\n\n\n<h2 class=\"wp-block-heading\">Ekologia i zwierz\u0119ta<\/h2>\n\n\n\n<p>Ograniczamy do niezb\u0119dnego minimum korzystanie z materia\u0142\u00f3w nie recyklingowych. Przywie\u017a swoje naczynia, talerz, kubek, sztu\u0107ce. Zadbaj, aby \u015brodki do mycia by\u0142y jak najbardziej EKO. Wa\u017cne, aby\u015bmy nie produkowali ton plastiku bez potrzeby. To dobre dla Ciebie i Ziemi.<\/p>\n\n\n\n<p>Kochamy zwierz\u0119ta i ch\u0119tnie ugo\u015bcimy Ciebie z pieskiem lub kotem. Pami\u0119taj jednak, \u017ce musisz si\u0119 Nim opiekowa\u0107, a zwierz\u0119 nie mo\u017ce stanowi\u0107 zagro\u017cenia dla nikogo. Bezpa\u0144skie psy dobieraj\u0105ce si\u0119 w watahy i strasz\u0105ce wszystkich to s\u0142aba wizyt\u00f3wka. Zadbajmy o Nasze zwierzaki.<\/p>\n\n\n\n<h2 class=\"wp-block-heading\">ATMOSFERA SZACUNKU<\/h2>\n\n\n\n<p>Na Shantaram jeste\u015bmy z dzie\u0107mi i rodzinami. Przekazujemy jasny komunikat, \u017ce tradycja szama\u0144ska to bycie w &#8222;dobrej relacji ze wszystkim&#8221;. Traktujemy z pe\u0142nym szacunkiem wszystkie \u015bwiatopogl\u0105dy, religie, duchowe systemy, kt\u00f3rych fundamentem jest mi\u0142o\u015b\u0107 i prosimy o to samo.<\/p>\n\n\n\n<p>Wulgarne, agresywne, konfrontacyjne zachowania b\u0119d\u0105 przez Nas traktowane jako naruszenie zasad GRY i mog\u0105 poskutkowa\u0107 konieczno\u015bci\u0105 opuszczenia wioski.<\/p>\n\n\n\n<h2 class=\"wp-block-heading\">Shantaram to nie spotkanie religijne<\/h2>\n\n\n\n<p>Wszelkie nagabywanie, przekonywanie, reklamowanie, nawracanie na si\u0142\u0119 i przekonywanie do &#8222;swoich racji&#8221; zostawmy sobie na inne okazje. Tradycje, kt\u00f3re chcemy Wam przybli\u017cy\u0107 to najstarsze, najbardziej pierwotne sposoby budowania &#8222;dobrych relacji&#8221; ze sob\u0105, ziemi\u0105, \u015bwiatem i bliskimi. Nie stoj\u0105 w \u017cadnej sprzeczno\u015bci z jak\u0105kolwiek religijn\u0105 to\u017csamo\u015bci\u0105.<\/p>\n\n\n\n<p>Czuj si\u0119 bezpiecznie ze swoimi przekonaniami. To co chcemy Ci zaoferowa\u0107 mo\u017ce pog\u0142\u0119bi\u0107 ich rozumienie i od\u015bwie\u017cy\u0107 relacje z &#8222;nieprzejawionym&#8221;. Nie chcemy do niczego Ci\u0119 przekonywa\u0107, ani w niczym indoktrynowa\u0107. Prosimy o to samo.\u200b<\/p>\n\n\n\n<p>B\u0105d\u017amy ze sob\u0105 i dla siebie. Tw\u00f3rzmy przestrze\u0144 zaufania i wsp\u00f3\u0142odpowiedzialno\u015bci. Jak to w wiosce. Je\u015bli masz jakiekolwiek pomys\u0142y na ubarwienie namiotu, placu, w\u0142\u0105czenie si\u0119 z jak\u0105kolwiek kreatywn\u0105 aktywno\u015bci\u0105 &#8211; Dzia\u0142aj.&nbsp;<\/p>\n\n\n\n<p>Chwytaj dzie\u0144, chwil\u0119, s\u0142uchaj pola i uwa\u017cnie obserwuj sw\u00f3j proces. Du\u017co o Tobie powie te par\u0119 dni i du\u017co Ciebie nauczy. Przyjmij t\u0119 lekcj\u0119 z pokor\u0105, otwarto\u015bci\u0105 i ciekawo\u015bci\u0105 dziecka. Baw si\u0119. Odpoczywaj. Rozwijaj. Kochaj i r\u00f3b co chcesz. Aho.<\/p>\n\n\n\n<p><\/p>\n","protected":false},"excerpt":{"rendered":"<p>\u017bycie w Wiosce ma sw\u00f3j rytm, a tak\u017ce swoje zasady JAK WSP\u00d3\u0141TWORZY\u0106 WIOSK\u0118? Najlepiej pomy\u015ble\u0107 o Shantaram, jak o GRZE do kt\u00f3rej jeste\u015b zaproszony. Staro\u017cytni m\u00f3wili na tak\u0105 gr\u0119 Lila. Gra w &#8222;\u017cycie&#8221;.\u00a0 Miejsce, gdzie mo\u017cemy poprzygl\u0105da\u0107 si\u0119 sobie, sposobowi w jaki tworzymy relacje. Przestrze\u0144 w kt\u00f3rej wszystko odbywa si\u0119 w troch\u0119 &#8222;wi\u0119kszym zag\u0119szczeniu&#8221;. W [&hellip;]<\/p>\n","protected":false},"author":1,"featured_media":0,"parent":0,"menu_order":1,"comment_status":"closed","ping_status":"closed","template":"","meta":{"footnotes":""},"class_list":["post-74","page","type-page","status-publish","hentry"],"_links":{"self":[{"href":"https:\/\/shantaram.pl\/index.php?rest_route=\/wp\/v2\/pages\/74","targetHints":{"allow":["GET"]}}],"collection":[{"href":"https:\/\/shantaram.pl\/index.php?rest_route=\/wp\/v2\/pages"}],"about":[{"href":"https:\/\/shantaram.pl\/index.php?rest_route=\/wp\/v2\/types\/page"}],"author":[{"embeddable":true,"href":"https:\/\/shantaram.pl\/index.php?rest_route=\/wp\/v2\/users\/1"}],"replies":[{"embeddable":true,"href":"https:\/\/shantaram.pl\/index.php?rest_route=%2Fwp%2Fv2%2Fcomments&post=74"}],"version-history":[{"count":5,"href":"https:\/\/shantaram.pl\/index.php?rest_route=\/wp\/v2\/pages\/74\/revisions"}],"predecessor-version":[{"id":105,"href":"https:\/\/shantaram.pl\/index.php?rest_route=\/wp\/v2\/pages\/74\/revisions\/105"}],"wp:attachment":[{"href":"https:\/\/shantaram.pl\/index.php?rest_route=%2Fwp%2Fv2%2Fmedia&parent=74"}],"curies":[{"name":"wp","href":"https:\/\/api.w.org\/{rel}","templated":true}]}}