{"id":2,"date":"2025-11-22T14:57:56","date_gmt":"2025-11-22T13:57:56","guid":{"rendered":"https:\/\/serwer385197.lh.pl\/autoinstalator\/serwer385197.lh.pl\/wordpress137509\/?page_id=2"},"modified":"2026-02-04T23:33:13","modified_gmt":"2026-02-04T22:33:13","slug":"klucze","status":"publish","type":"page","link":"https:\/\/shantaram.pl\/?page_id=2","title":{"rendered":"KLUCZE 2026"},"content":{"rendered":"\n<p><\/p>\n\n\n\n<h2 class=\"wp-block-heading\"><a href=\"https:\/\/zrzutka.pl\/8sw94u\/award\/bxtfnn\/karnet-zaufania-shantaram-2026\">Rozpocz\u0119li\u015bmy sprzeda\u017c<br>PIERWSZEJ PULI KLUCZY NA SHANTARAM 2026<\/a><\/h2>\n\n\n\n<p><a href=\"https:\/\/zrzutka.pl\/8sw94u\/award\/bxtfnn\/karnet-zaufania-shantaram-2026\">KUP KLUCZ NA SHANTARAM 2026<\/a><br><br>KLUCZ 5-dniowy Pe\u0142nia <br><a href=\"https:\/\/zrzutka.pl\/8sw94u\/award\/yayv8c\/klucz-shantaram-2026-pelnia-i-pula\">https:\/\/zrzutka.pl\/8sw94u\/award\/yayv8c\/klucz-shantaram-2026-pelnia-i-pula<\/a><br>KLUCZ 1-dniowy N\u00f3w <br><a href=\"https:\/\/zrzutka.pl\/8sw94u\/award\/4rhuv5\/klucz-shantaram-2026-now-i-pula\">https:\/\/zrzutka.pl\/8sw94u\/award\/4rhuv5\/klucz-shantaram-2026-now-i-pula<\/a><br>KLUCZ 5-dniowy dla dzieci (4-16 lat) Gwiazda<br><a href=\"https:\/\/zrzutka.pl\/8sw94u\/award\/fpkr4n\/klucz-shantaram-2026-4-16-lat-gwiazda-i-pula\">https:\/\/zrzutka.pl\/8sw94u\/award\/fpkr4n\/klucz-shantaram-2026-4-16-lat-gwiazda-i-pula<\/a><br>KLUCZ 1-dniowy dla dzieci (4-16 lat) Gwiazdka<br><a href=\"https:\/\/zrzutka.pl\/8sw94u\/award\/pjzs4d\/klucz-do-shantaram-2026-4-16-lat-gwiazdka-i-pula\">https:\/\/zrzutka.pl\/8sw94u\/award\/pjzs4d\/klucz-do-shantaram-2026-4-16-lat-gwiazdka-i-pula<\/a><br><br>Co zawiera si\u0119 w cenie i jak wygl\u0105da logistyka na miejscu?<\/p>\n\n\n\n<p>Na Shantaram przyje\u017cd\u017camy z namiotami, przyczepami, b\u0105d\u017a camperami.<br><br>Zapewniamy dost\u0119p do toalet, prysznic\u00f3w i zaplecza kuchennego (toalety i prysznice kontenerowe).<br><br>W cenie pobytu dostajesz dost\u0119p do wszystkich warsztat\u00f3w (chyba, \u017ce dop\u0142ata jest zaznaczona w programie) i mo\u017cliwo\u015b\u0107 uczestniczenia we wszystkich prelekcjach, kr\u0119gach, koncertach i innych wydarzeniach, oraz wst\u0119p do wszystkich stref w tym dzieci\u0119cej Kreuj U\u015bmiech.\u200b<br>Wy\u017cywienie organizujesz sobie sam lub korzystasz z kt\u00f3rego\u015b z catering\u00f3w.<br>Cena pobytu nie obejmuje wy\u017cywienia.\u200b<br>\u200bDlaczego warto wykupi\u0107 pakiet wcze\u015bniej ?<br>&#8211; Dostajesz dost\u0119p do tajnej \ud83d\ude42 grupy Shantaramowej na Telegramie, z poziomu kt\u00f3rej mo\u017cesz si\u0119 zapisa\u0107 na dodatkowe warsztaty i ceremonie ograniczone limitem os\u00f3b<br>&#8211; Dost\u0119p do grupy daje ci mo\u017cliwo\u015b\u0107 dopytania si\u0119 o wszystko i dobrego przygotowania logistycznego do Shantaram.<br>&#8211; Mamy okazj\u0119 wcze\u015bniej si\u0119 troch\u0119 pozna\u0107 \ud83d\ude09<br>-Klucze na bramce s\u0105 dro\u017csze.<\/p>\n\n\n\n<p><a href=\"https:\/\/zrzutka.pl\/8sw94u\/award\/bxtfnn\/karnet-zaufania-shantaram-2026\"><br><\/a>Je\u017celi masz jakie\u015b pytania, napisz do nas: bilety@shantaram.pl<\/p>\n","protected":false},"excerpt":{"rendered":"<p>Rozpocz\u0119li\u015bmy sprzeda\u017cPIERWSZEJ PULI KLUCZY NA SHANTARAM 2026 KUP KLUCZ NA SHANTARAM 2026 KLUCZ 5-dniowy Pe\u0142nia https:\/\/zrzutka.pl\/8sw94u\/award\/yayv8c\/klucz-shantaram-2026-pelnia-i-pulaKLUCZ 1-dniowy N\u00f3w https:\/\/zrzutka.pl\/8sw94u\/award\/4rhuv5\/klucz-shantaram-2026-now-i-pulaKLUCZ 5-dniowy dla dzieci (4-16 lat) Gwiazdahttps:\/\/zrzutka.pl\/8sw94u\/award\/fpkr4n\/klucz-shantaram-2026-4-16-lat-gwiazda-i-pulaKLUCZ 1-dniowy dla dzieci (4-16 lat) Gwiazdkahttps:\/\/zrzutka.pl\/8sw94u\/award\/pjzs4d\/klucz-do-shantaram-2026-4-16-lat-gwiazdka-i-pula Co zawiera si\u0119 w cenie i jak wygl\u0105da logistyka na miejscu? Na Shantaram przyje\u017cd\u017camy z namiotami, przyczepami, b\u0105d\u017a camperami. Zapewniamy dost\u0119p do toalet, prysznic\u00f3w [&hellip;]<\/p>\n","protected":false},"author":1,"featured_media":0,"parent":0,"menu_order":3,"comment_status":"closed","ping_status":"closed","template":"","meta":{"footnotes":""},"class_list":["post-2","page","type-page","status-publish","hentry"],"_links":{"self":[{"href":"https:\/\/shantaram.pl\/index.php?rest_route=\/wp\/v2\/pages\/2","targetHints":{"allow":["GET"]}}],"collection":[{"href":"https:\/\/shantaram.pl\/index.php?rest_route=\/wp\/v2\/pages"}],"about":[{"href":"https:\/\/shantaram.pl\/index.php?rest_route=\/wp\/v2\/types\/page"}],"author":[{"embeddable":true,"href":"https:\/\/shantaram.pl\/index.php?rest_route=\/wp\/v2\/users\/1"}],"replies":[{"embeddable":true,"href":"https:\/\/shantaram.pl\/index.php?rest_route=%2Fwp%2Fv2%2Fcomments&post=2"}],"version-history":[{"count":8,"href":"https:\/\/shantaram.pl\/index.php?rest_route=\/wp\/v2\/pages\/2\/revisions"}],"predecessor-version":[{"id":139,"href":"https:\/\/shantaram.pl\/index.php?rest_route=\/wp\/v2\/pages\/2\/revisions\/139"}],"wp:attachment":[{"href":"https:\/\/shantaram.pl\/index.php?rest_route=%2Fwp%2Fv2%2Fmedia&parent=2"}],"curies":[{"name":"wp","href":"https:\/\/api.w.org\/{rel}","templated":true}]}}