{"id":145,"date":"2026-02-08T16:22:55","date_gmt":"2026-02-08T15:22:55","guid":{"rendered":"https:\/\/shantaram.pl\/?page_id=145"},"modified":"2026-02-10T16:30:27","modified_gmt":"2026-02-10T15:30:27","slug":"zgloszenia-2026","status":"publish","type":"page","link":"https:\/\/shantaram.pl\/?page_id=145","title":{"rendered":"ZG\u0141OSZENIA 2026"},"content":{"rendered":"\n<p><br>W tym roku szczeg\u00f3lnie mocno stawiamy na to, czego nie da si\u0119 zobaczy\u0107 nigdzie indziej. Warsztaty i koncerty Shantaram nie b\u0119d\u0105 powt\u00f3rk\u0105 z festiwalowej mapy Polski. Oddajemy du\u017co przestrzeni debiutantom, osobom ma\u0142o znanym, ale ciekawym, autentycznym, id\u0105cym w\u0142asn\u0105 \u015bcie\u017ck\u0105. Shantaram b\u0119dzie w tym roku miejscem pierwszych krok\u00f3w, pierwszych wyst\u0105pie\u0144 i projekt\u00f3w, kt\u00f3re dopiero chc\u0105 si\u0119 narodzi\u0107.<\/p>\n\n\n\n<p>Chcemy te\u017c powiedzie\u0107 jasno: Shantaram jest wsp\u00f3\u0142tworzone.<br>Je\u015bli czujesz, \u017ce chcia\u0142by\u015b pojawi\u0107 si\u0119 z w\u0142asnym warsztatem, projektem muzycznym, dzia\u0142aniem artystycznym lub swoimi produktami &#8211; odezwij si\u0119 do nas. Mo\u017cesz r\u00f3wnie\u017c pobra\u0107 formularz zg\u0142oszeniowy, do kt\u00f3rego link znajdziesz poni\u017cej.<\/p>\n\n\n\n<div class=\"wp-block-group is-content-justification-center is-nowrap is-layout-flex wp-container-core-group-is-layout-23441af8 wp-block-group-is-layout-flex\">\n<div class=\"wp-block-buttons is-content-justification-center is-layout-flex wp-container-core-buttons-is-layout-a89b3969 wp-block-buttons-is-layout-flex\">\n<div class=\"wp-block-button is-style-fill\"><a class=\"wp-block-button__link has-background has-small-font-size has-custom-font-size wp-element-button\" href=\"https:\/\/www.jotform.com\/form\/260165336490355\" style=\"background-color:#743502\">-><\/a><\/div>\n<\/div>\n\n\n\n<div class=\"wp-block-columns is-layout-flex wp-container-core-columns-is-layout-28f84493 wp-block-columns-is-layout-flex\">\n<div class=\"wp-block-column is-layout-flow wp-block-column-is-layout-flow\" style=\"flex-basis:33.33%\">\n<div class=\"wp-block-buttons is-layout-flex wp-block-buttons-is-layout-flex\">\n<div class=\"wp-block-button\"><a class=\"wp-block-button__link has-background has-small-font-size has-custom-font-size wp-element-button\" href=\"https:\/\/www.jotform.com\/form\/260165336490355\" style=\"background-color:#743502\">Wype\u0142nij ZG\u0141OSZENIE<br>Artysta Prelegent<br>Mentor<\/a><\/div>\n<\/div>\n<\/div>\n\n\n\n<div class=\"wp-block-column is-layout-flow wp-block-column-is-layout-flow\" style=\"flex-basis:33.33%\">\n<div class=\"wp-block-buttons is-content-justification-center is-layout-flex wp-container-core-buttons-is-layout-a89b3969 wp-block-buttons-is-layout-flex\">\n<div class=\"wp-block-button\"><a class=\"wp-block-button__link has-background has-small-font-size has-custom-font-size wp-element-button\" href=\"https:\/\/form.jotform.com\/260393386536364\" style=\"background-color:#743502\">Wype\u0142nij ZG\u0141OSZENIE<br>Strefa Stoisko<\/a><\/div>\n<\/div>\n<\/div>\n\n\n\n<div class=\"wp-block-column is-layout-flow wp-block-column-is-layout-flow\" style=\"flex-basis:33.33%\">\n<div class=\"wp-block-buttons is-layout-flex wp-block-buttons-is-layout-flex\">\n<div class=\"wp-block-button\"><a class=\"wp-block-button__link has-background has-small-font-size has-custom-font-size wp-element-button\" href=\"https:\/\/form.jotform.com\/260393253528358\" style=\"background-color:#743502\">Wype\u0142nij ZG\u0141OSZENIE<br>Gastro<\/a><\/div>\n<\/div>\n<\/div>\n<\/div>\n<\/div>\n\n\n\n<p><\/p>\n","protected":false},"excerpt":{"rendered":"<p>W tym roku szczeg\u00f3lnie mocno stawiamy na to, czego nie da si\u0119 zobaczy\u0107 nigdzie indziej. Warsztaty i koncerty Shantaram nie b\u0119d\u0105 powt\u00f3rk\u0105 z festiwalowej mapy Polski. Oddajemy du\u017co przestrzeni debiutantom, osobom ma\u0142o znanym, ale ciekawym, autentycznym, id\u0105cym w\u0142asn\u0105 \u015bcie\u017ck\u0105. Shantaram b\u0119dzie w tym roku miejscem pierwszych krok\u00f3w, pierwszych wyst\u0105pie\u0144 i projekt\u00f3w, kt\u00f3re dopiero chc\u0105 si\u0119 [&hellip;]<\/p>\n","protected":false},"author":1,"featured_media":0,"parent":0,"menu_order":0,"comment_status":"closed","ping_status":"closed","template":"","meta":{"footnotes":""},"class_list":["post-145","page","type-page","status-publish","hentry"],"_links":{"self":[{"href":"https:\/\/shantaram.pl\/index.php?rest_route=\/wp\/v2\/pages\/145","targetHints":{"allow":["GET"]}}],"collection":[{"href":"https:\/\/shantaram.pl\/index.php?rest_route=\/wp\/v2\/pages"}],"about":[{"href":"https:\/\/shantaram.pl\/index.php?rest_route=\/wp\/v2\/types\/page"}],"author":[{"embeddable":true,"href":"https:\/\/shantaram.pl\/index.php?rest_route=\/wp\/v2\/users\/1"}],"replies":[{"embeddable":true,"href":"https:\/\/shantaram.pl\/index.php?rest_route=%2Fwp%2Fv2%2Fcomments&post=145"}],"version-history":[{"count":12,"href":"https:\/\/shantaram.pl\/index.php?rest_route=\/wp\/v2\/pages\/145\/revisions"}],"predecessor-version":[{"id":174,"href":"https:\/\/shantaram.pl\/index.php?rest_route=\/wp\/v2\/pages\/145\/revisions\/174"}],"wp:attachment":[{"href":"https:\/\/shantaram.pl\/index.php?rest_route=%2Fwp%2Fv2%2Fmedia&parent=145"}],"curies":[{"name":"wp","href":"https:\/\/api.w.org\/{rel}","templated":true}]}}